{"id":44249,"date":"2024-03-22T12:51:12","date_gmt":"2024-03-22T11:51:12","guid":{"rendered":"https:\/\/hipotecamilenial.com\/?page_id=44249"},"modified":"2024-03-22T12:57:10","modified_gmt":"2024-03-22T11:57:10","slug":"ley-de-proteccion-de-datos-lopd","status":"publish","type":"page","link":"https:\/\/hipotecamilenial.com\/index.php\/ley-de-proteccion-de-datos-lopd\/","title":{"rendered":"LEY DE PROTECCI\u00d3N DE DATOS (LOPD)"},"content":{"rendered":"\n<p>EL INTERMEDIARIO se obliga a no difundir a terceros y guardar el m\u00e1s absoluto secreto de toda la informaci\u00f3n que tenga acceso en cumplimiento de sus obligaciones. Asimismo, toda la documentaci\u00f3n que reciba se entender\u00e1 entregada con car\u00e1cter confidencial.<\/p>\n\n\n\n<p>En cumplimiento de la Ley Org\u00e1nica 3\/2018, de 5 de diciembre, de <strong>Protecci\u00f3n de Datos Personales<\/strong> y garant\u00eda de los derechos digitales, se informa a todos los firmantes de este contrato que sus datos de car\u00e1cter personal pueden ser objeto de tratamiento por parte de EL INTERMEDIARIO responsable del tratamiento de los datos cedidos.<\/p>\n\n\n\n<p>La finalidad del tratamiento de dichos datos es la gesti\u00f3n y tramitaci\u00f3n de los servicios profesionales relacionados con el contrato suscrito, entre los que figuran la gesti\u00f3n del expediente hipotecario y servicios relacionados, tales como seguros y otros productos financieros. Sus datos personales se mantendr\u00e1n de forma indefinida en tanto no se solicite su supresi\u00f3n. EL CLIENTE autoriza expresamente a EL INTERMEDIARIO a que ceda los datos aportados en el siguiente documento y cualquier informaci\u00f3n y documentaci\u00f3n aportada por cualquier otra v\u00eda en relaci\u00f3n con el objeto de este contrato a las siguientes empresas, entidades y personas:<\/p>\n\n\n\n<ul class=\"wp-block-list\">\n<li>A las consultoras asociadas a EL INTERMEDIARIO, representantes designados por el intermediario, abogados, economistas y profesionales colaboradores necesarios para la consecuci\u00f3n del objeto de este contrato, as\u00ed como a los diferentes prestamistas inmobiliarios, compa\u00f1\u00edas de tasaci\u00f3n y corredur\u00edas de seguros con la que colabora EL INTERMEDIARIO.<\/li>\n<\/ul>\n\n\n\n<p>Previa solicitud, EL CLIENTE tiene derecho a ser informado de las personas y organizaciones a las que se han cedido sus datos.<\/p>\n\n\n\n<p>EL INTERMEDIARIO implementar\u00e1 en todo momento las medidas de seguridad y privacidad necesarias para proteger sus datos de car\u00e1cter personal. EL INTERMEDIARIO har\u00e1 extensivo dicho deber de confidencialidad a todos sus empleados, colaboradores y\/o subcontratistas, comprometi\u00e9ndose a adoptar todas las medidas necesarias para garantizar el estricto cumplimiento del presente acuerdo de confidencialidad, el cual subsistir\u00e1, incluso, una vez finalizada la presente relaci\u00f3n contractual.<\/p>\n\n\n\n<p>De conformidad con el art\u00edculo 10 de la LOPD, se obligan a mantener el secreto profesional respecto de los datos. Esta obligaci\u00f3n subsistir\u00e1 a\u00fan despu\u00e9s de extinguida la relaci\u00f3n contractual entre las Partes, a menos que sea requerido en un proceso judicial.<\/p>\n\n\n\n<p>Asimismo, se informa a El Cliente que el BANCO y\/o EL INTERMEDIARIO podr\u00e1 acceder a la informaci\u00f3n depositada en la Central de Informaci\u00f3n de Riesgos del Banco de Espa\u00f1a (en adelante, la \u201cCIRBE\u201d), as\u00ed como a alguna de las entidades privadas de informaci\u00f3n crediticia (RAI, ASNEF,\u2026) con la finalidad de realizar una correcta evaluaci\u00f3n de mi solvencia en cumplimiento de la Ley 5\/2019, reguladora de los contratos de cr\u00e9dito inmobiliario.<\/p>\n\n\n\n<p>los datos personales facilitados en el presente documento ser\u00e1n tratados con el consentimiento del Cliente por parte de HIPOTECA MILENIAL para ofrecerle y remitirle comunicaciones comerciales, ofertas, propuestas o para facilitarle el acceso a ventajas promocionales respecto de los productos o servicios que est\u00e9n relacionados con el encargo de este Contrato.<\/p>\n\n\n\n<p>A tal fin, el Cliente consiente y autoriza expresamente la cesi\u00f3n de sus datos a el INTERMEDIARIO, as\u00ed como a empresas, entidades y personas anteriormente citadas para:<\/p>\n\n\n\n<p>\u2022 La remisi\u00f3n de las comunicaciones comerciales, ofertas, propuestas y ventajas promocionales indicadas por cualquier medio, incluido por medios electr\u00f3nicos (tel\u00e9fono, correo electr\u00f3nico o medio equivalente).<\/p>\n\n\n\n<p>\u2022 Elaborar perfiles comerciales y de riesgo basados en el an\u00e1lisis y evaluaci\u00f3n de sus datos personales indicados para ajustar las comunicaciones comerciales y ofertas que se le remitan de acuerdo con el perfil, intereses potenciales o posibles preferencias que resulten de dichos an\u00e1lisis y evaluaciones.<\/p>\n\n\n\n<p><strong>S\u00e9ptimo.-<\/strong> Al amparo del art\u00edculo 21.2 de la Ley 2\/2009, el CLIENTE podr\u00e1 desistir del contrato de intermediaci\u00f3n de cr\u00e9dito inmobiliario en los catorce d\u00edas naturales siguientes a la formalizaci\u00f3n del mismo sin necesidad de alegar causa alguna y sin penalizaci\u00f3n, debiendo comunicarlo de forma fehaciente y por escrito EL INTERMEDIARIO.<\/p>\n\n\n\n<p><strong>Octavo.-<\/strong> EL INTERMEDIARIO informa que dispone de los mecanismos internos oportunos para solucionar todas aquellas reclamaciones y quejas del cliente que pudieran surgir durante o posteriormente a la relaci\u00f3n contractual.<\/p>\n\n\n\n<p>En cualquier momento, el Cliente podr\u00e1 ejercer su derecho de Acceso, Rectificaci\u00f3n, Oposici\u00f3n y Cancelaci\u00f3n de los datos facilitados a HIPOTECA MILENIAL. El ejercicio de estos derechos deber\u00e1 realizarlo ante el responsable del fichero, mediante comunicaci\u00f3n escrita o bien v\u00eda telem\u00e1tica dirigida a: HIPOTECA MILENIAL: Carretera Laure\u00e0 Mir\u00f3, n\u00famero 208, local, 08980, de Sant Feliu de Llobregat (Barcelona). Email: <a href=\"mailto:annaiz@hipotecamilenial.com\">annaiz@hipotecamilenial.com<\/a><\/p>\n","protected":false},"excerpt":{"rendered":"<p>EL INTERMEDIARIO se obliga a no difundir a terceros y guardar el m\u00e1s absoluto secreto de toda la informaci\u00f3n que tenga acceso en cumplimiento de sus obligaciones. Asimismo, toda la documentaci\u00f3n que reciba se entender\u00e1 entregada con car\u00e1cter confidencial. En cumplimiento de la Ley Org\u00e1nica 3\/2018, de 5 de diciembre, de Protecci\u00f3n de Datos Personales&#8230;<\/p>\n","protected":false},"author":1,"featured_media":0,"parent":0,"menu_order":0,"comment_status":"closed","ping_status":"closed","template":"","meta":{"_monsterinsights_skip_tracking":false,"_monsterinsights_sitenote_active":false,"_monsterinsights_sitenote_note":"","_monsterinsights_sitenote_category":0,"_uf_show_specific_survey":0,"_uf_disable_surveys":false,"footnotes":""},"class_list":["post-44249","page","type-page","status-publish","hentry"],"aioseo_notices":[],"yoast_head":"<!-- This site is optimized with the Yoast SEO plugin v27.4 - https:\/\/yoast.com\/product\/yoast-seo-wordpress\/ -->\n<title>LEY DE PROTECCI\u00d3N DE DATOS (LOPD) - FIKA FINANCE<\/title>\n<meta name=\"robots\" content=\"index, follow, max-snippet:-1, max-image-preview:large, max-video-preview:-1\" \/>\n<link rel=\"canonical\" href=\"https:\/\/hipotecamilenial.com\/index.php\/ley-de-proteccion-de-datos-lopd\/\" \/>\n<meta property=\"og:locale\" content=\"es_ES\" \/>\n<meta property=\"og:type\" content=\"article\" \/>\n<meta property=\"og:title\" content=\"LEY DE PROTECCI\u00d3N DE DATOS (LOPD) - FIKA FINANCE\" \/>\n<meta property=\"og:description\" content=\"EL INTERMEDIARIO se obliga a no difundir a terceros y guardar el m\u00e1s absoluto secreto de toda la informaci\u00f3n que tenga acceso en cumplimiento de sus obligaciones. Asimismo, toda la documentaci\u00f3n que reciba se entender\u00e1 entregada con car\u00e1cter confidencial. En cumplimiento de la Ley Org\u00e1nica 3\/2018, de 5 de diciembre, de Protecci\u00f3n de Datos Personales...\" \/>\n<meta property=\"og:url\" content=\"https:\/\/hipotecamilenial.com\/index.php\/ley-de-proteccion-de-datos-lopd\/\" \/>\n<meta property=\"og:site_name\" content=\"FIKA FINANCE\" \/>\n<meta property=\"article:modified_time\" content=\"2024-03-22T11:57:10+00:00\" \/>\n<meta name=\"twitter:card\" content=\"summary_large_image\" \/>\n<meta name=\"twitter:label1\" content=\"Tiempo de lectura\" \/>\n\t<meta name=\"twitter:data1\" content=\"4 minutos\" \/>\n<script type=\"application\/ld+json\" class=\"yoast-schema-graph\">{\"@context\":\"https:\\\/\\\/schema.org\",\"@graph\":[{\"@type\":\"WebPage\",\"@id\":\"https:\\\/\\\/hipotecamilenial.com\\\/index.php\\\/ley-de-proteccion-de-datos-lopd\\\/\",\"url\":\"https:\\\/\\\/hipotecamilenial.com\\\/index.php\\\/ley-de-proteccion-de-datos-lopd\\\/\",\"name\":\"LEY DE PROTECCI\u00d3N DE DATOS (LOPD) - FIKA FINANCE\",\"isPartOf\":{\"@id\":\"https:\\\/\\\/hipotecamilenial.com\\\/#website\"},\"datePublished\":\"2024-03-22T11:51:12+00:00\",\"dateModified\":\"2024-03-22T11:57:10+00:00\",\"breadcrumb\":{\"@id\":\"https:\\\/\\\/hipotecamilenial.com\\\/index.php\\\/ley-de-proteccion-de-datos-lopd\\\/#breadcrumb\"},\"inLanguage\":\"es\",\"potentialAction\":[{\"@type\":\"ReadAction\",\"target\":[\"https:\\\/\\\/hipotecamilenial.com\\\/index.php\\\/ley-de-proteccion-de-datos-lopd\\\/\"]}]},{\"@type\":\"BreadcrumbList\",\"@id\":\"https:\\\/\\\/hipotecamilenial.com\\\/index.php\\\/ley-de-proteccion-de-datos-lopd\\\/#breadcrumb\",\"itemListElement\":[{\"@type\":\"ListItem\",\"position\":1,\"name\":\"Home\",\"item\":\"https:\\\/\\\/hipotecamilenial.com\\\/\"},{\"@type\":\"ListItem\",\"position\":2,\"name\":\"LEY DE PROTECCI\u00d3N DE DATOS (LOPD)\"}]},{\"@type\":\"WebSite\",\"@id\":\"https:\\\/\\\/hipotecamilenial.com\\\/#website\",\"url\":\"https:\\\/\\\/hipotecamilenial.com\\\/\",\"name\":\"FIKA FINANCE\",\"description\":\"Hipotecas para jovenes\",\"publisher\":{\"@id\":\"https:\\\/\\\/hipotecamilenial.com\\\/#organization\"},\"potentialAction\":[{\"@type\":\"SearchAction\",\"target\":{\"@type\":\"EntryPoint\",\"urlTemplate\":\"https:\\\/\\\/hipotecamilenial.com\\\/?s={search_term_string}\"},\"query-input\":{\"@type\":\"PropertyValueSpecification\",\"valueRequired\":true,\"valueName\":\"search_term_string\"}}],\"inLanguage\":\"es\"},{\"@type\":\"Organization\",\"@id\":\"https:\\\/\\\/hipotecamilenial.com\\\/#organization\",\"name\":\"FIKA FINANCE\",\"url\":\"https:\\\/\\\/hipotecamilenial.com\\\/\",\"logo\":{\"@type\":\"ImageObject\",\"inLanguage\":\"es\",\"@id\":\"https:\\\/\\\/hipotecamilenial.com\\\/#\\\/schema\\\/logo\\\/image\\\/\",\"url\":\"https:\\\/\\\/hipotecamilenial.com\\\/wp-content\\\/uploads\\\/2025\\\/10\\\/FIKA-LOGO.png\",\"contentUrl\":\"https:\\\/\\\/hipotecamilenial.com\\\/wp-content\\\/uploads\\\/2025\\\/10\\\/FIKA-LOGO.png\",\"width\":500,\"height\":500,\"caption\":\"FIKA FINANCE\"},\"image\":{\"@id\":\"https:\\\/\\\/hipotecamilenial.com\\\/#\\\/schema\\\/logo\\\/image\\\/\"}}]}<\/script>\n<!-- \/ Yoast SEO plugin. -->","yoast_head_json":{"title":"LEY DE PROTECCI\u00d3N DE DATOS (LOPD) - FIKA FINANCE","robots":{"index":"index","follow":"follow","max-snippet":"max-snippet:-1","max-image-preview":"max-image-preview:large","max-video-preview":"max-video-preview:-1"},"canonical":"https:\/\/hipotecamilenial.com\/index.php\/ley-de-proteccion-de-datos-lopd\/","og_locale":"es_ES","og_type":"article","og_title":"LEY DE PROTECCI\u00d3N DE DATOS (LOPD) - FIKA FINANCE","og_description":"EL INTERMEDIARIO se obliga a no difundir a terceros y guardar el m\u00e1s absoluto secreto de toda la informaci\u00f3n que tenga acceso en cumplimiento de sus obligaciones. Asimismo, toda la documentaci\u00f3n que reciba se entender\u00e1 entregada con car\u00e1cter confidencial. En cumplimiento de la Ley Org\u00e1nica 3\/2018, de 5 de diciembre, de Protecci\u00f3n de Datos Personales...","og_url":"https:\/\/hipotecamilenial.com\/index.php\/ley-de-proteccion-de-datos-lopd\/","og_site_name":"FIKA FINANCE","article_modified_time":"2024-03-22T11:57:10+00:00","twitter_card":"summary_large_image","twitter_misc":{"Tiempo de lectura":"4 minutos"},"schema":{"@context":"https:\/\/schema.org","@graph":[{"@type":"WebPage","@id":"https:\/\/hipotecamilenial.com\/index.php\/ley-de-proteccion-de-datos-lopd\/","url":"https:\/\/hipotecamilenial.com\/index.php\/ley-de-proteccion-de-datos-lopd\/","name":"LEY DE PROTECCI\u00d3N DE DATOS (LOPD) - FIKA FINANCE","isPartOf":{"@id":"https:\/\/hipotecamilenial.com\/#website"},"datePublished":"2024-03-22T11:51:12+00:00","dateModified":"2024-03-22T11:57:10+00:00","breadcrumb":{"@id":"https:\/\/hipotecamilenial.com\/index.php\/ley-de-proteccion-de-datos-lopd\/#breadcrumb"},"inLanguage":"es","potentialAction":[{"@type":"ReadAction","target":["https:\/\/hipotecamilenial.com\/index.php\/ley-de-proteccion-de-datos-lopd\/"]}]},{"@type":"BreadcrumbList","@id":"https:\/\/hipotecamilenial.com\/index.php\/ley-de-proteccion-de-datos-lopd\/#breadcrumb","itemListElement":[{"@type":"ListItem","position":1,"name":"Home","item":"https:\/\/hipotecamilenial.com\/"},{"@type":"ListItem","position":2,"name":"LEY DE PROTECCI\u00d3N DE DATOS (LOPD)"}]},{"@type":"WebSite","@id":"https:\/\/hipotecamilenial.com\/#website","url":"https:\/\/hipotecamilenial.com\/","name":"FIKA FINANCE","description":"Hipotecas para jovenes","publisher":{"@id":"https:\/\/hipotecamilenial.com\/#organization"},"potentialAction":[{"@type":"SearchAction","target":{"@type":"EntryPoint","urlTemplate":"https:\/\/hipotecamilenial.com\/?s={search_term_string}"},"query-input":{"@type":"PropertyValueSpecification","valueRequired":true,"valueName":"search_term_string"}}],"inLanguage":"es"},{"@type":"Organization","@id":"https:\/\/hipotecamilenial.com\/#organization","name":"FIKA FINANCE","url":"https:\/\/hipotecamilenial.com\/","logo":{"@type":"ImageObject","inLanguage":"es","@id":"https:\/\/hipotecamilenial.com\/#\/schema\/logo\/image\/","url":"https:\/\/hipotecamilenial.com\/wp-content\/uploads\/2025\/10\/FIKA-LOGO.png","contentUrl":"https:\/\/hipotecamilenial.com\/wp-content\/uploads\/2025\/10\/FIKA-LOGO.png","width":500,"height":500,"caption":"FIKA FINANCE"},"image":{"@id":"https:\/\/hipotecamilenial.com\/#\/schema\/logo\/image\/"}}]}},"_links":{"self":[{"href":"https:\/\/hipotecamilenial.com\/index.php\/wp-json\/wp\/v2\/pages\/44249","targetHints":{"allow":["GET"]}}],"collection":[{"href":"https:\/\/hipotecamilenial.com\/index.php\/wp-json\/wp\/v2\/pages"}],"about":[{"href":"https:\/\/hipotecamilenial.com\/index.php\/wp-json\/wp\/v2\/types\/page"}],"author":[{"embeddable":true,"href":"https:\/\/hipotecamilenial.com\/index.php\/wp-json\/wp\/v2\/users\/1"}],"replies":[{"embeddable":true,"href":"https:\/\/hipotecamilenial.com\/index.php\/wp-json\/wp\/v2\/comments?post=44249"}],"version-history":[{"count":2,"href":"https:\/\/hipotecamilenial.com\/index.php\/wp-json\/wp\/v2\/pages\/44249\/revisions"}],"predecessor-version":[{"id":44252,"href":"https:\/\/hipotecamilenial.com\/index.php\/wp-json\/wp\/v2\/pages\/44249\/revisions\/44252"}],"wp:attachment":[{"href":"https:\/\/hipotecamilenial.com\/index.php\/wp-json\/wp\/v2\/media?parent=44249"}],"curies":[{"name":"wp","href":"https:\/\/api.w.org\/{rel}","templated":true}]}}